{"id":10,"date":"2017-12-02T16:27:12","date_gmt":"2017-12-02T15:27:12","guid":{"rendered":"https:\/\/buero-anettekoenig.de\/?page_id=10"},"modified":"2025-03-31T09:30:25","modified_gmt":"2025-03-31T08:30:25","slug":"buero-anette-koenig","status":"publish","type":"page","link":"https:\/\/buero-anettekoenig.de\/","title":{"rendered":"B\u00fcro Anette Koenig"},"content":{"rendered":"\t\t<div data-elementor-type=\"wp-page\" data-elementor-id=\"10\" class=\"elementor elementor-10\" data-elementor-post-type=\"page\">\n\t\t\t\t<div class=\"elementor-element elementor-element-505ca7c6 e-con-full e-flex e-con e-parent\" data-id=\"505ca7c6\" data-element_type=\"container\" data-settings=\"{&quot;background_background&quot;:&quot;classic&quot;}\">\n\t\t<div class=\"elementor-element elementor-element-8c7de5e e-con-full e-flex e-con e-child\" data-id=\"8c7de5e\" data-element_type=\"container\" data-settings=\"{&quot;background_background&quot;:&quot;classic&quot;,&quot;position&quot;:&quot;fixed&quot;}\">\n\t\t\t\t<div class=\"elementor-element elementor-element-11e91f0 elementor-mobile-align-right elementor-widget elementor-widget-button\" data-id=\"11e91f0\" data-element_type=\"widget\" data-widget_type=\"button.default\">\n\t\t\t\t<div class=\"elementor-widget-container\">\n\t\t\t\t\t\t\t\t\t<div class=\"elementor-button-wrapper\">\n\t\t\t\t\t<a class=\"elementor-button elementor-button-link elementor-size-sm\" href=\"#moderatoren\">\n\t\t\t\t\t\t<span class=\"elementor-button-content-wrapper\">\n\t\t\t\t\t\t\t\t\t<span class=\"elementor-button-text\">Moderatoren<\/span>\n\t\t\t\t\t<\/span>\n\t\t\t\t\t<\/a>\n\t\t\t\t<\/div>\n\t\t\t\t\t\t\t\t<\/div>\n\t\t\t\t<\/div>\n\t\t\t\t<div class=\"elementor-element elementor-element-921c54d elementor-mobile-align-left #meinText elementor-widget elementor-widget-button\" data-id=\"921c54d\" data-element_type=\"widget\" data-settings=\"{&quot;motion_fx_motion_fx_mouse&quot;:&quot;yes&quot;}\" data-widget_type=\"button.default\">\n\t\t\t\t<div class=\"elementor-widget-container\">\n\t\t\t\t\t\t\t\t\t<div class=\"elementor-button-wrapper\">\n\t\t\t\t\t<a class=\"elementor-button elementor-button-link elementor-size-sm\" href=\"#kontakt\">\n\t\t\t\t\t\t<span class=\"elementor-button-content-wrapper\">\n\t\t\t\t\t\t\t\t\t<span class=\"elementor-button-text\">Kontakt<\/span>\n\t\t\t\t\t<\/span>\n\t\t\t\t\t<\/a>\n\t\t\t\t<\/div>\n\t\t\t\t\t\t\t\t<\/div>\n\t\t\t\t<\/div>\n\t\t\t\t<\/div>\n\t\t<div class=\"elementor-element elementor-element-528c5a4 e-con-full e-flex e-con e-child\" data-id=\"528c5a4\" data-element_type=\"container\" data-settings=\"{&quot;background_background&quot;:&quot;classic&quot;,&quot;position&quot;:&quot;fixed&quot;,&quot;motion_fx_motion_fx_scrolling&quot;:&quot;yes&quot;,&quot;motion_fx_opacity_effect&quot;:&quot;yes&quot;,&quot;motion_fx_opacity_direction&quot;:&quot;in-out&quot;,&quot;motion_fx_opacity_range&quot;:{&quot;unit&quot;:&quot;%&quot;,&quot;size&quot;:&quot;&quot;,&quot;sizes&quot;:{&quot;start&quot;:38,&quot;end&quot;:67}},&quot;motion_fx_opacity_level&quot;:{&quot;unit&quot;:&quot;px&quot;,&quot;size&quot;:10,&quot;sizes&quot;:[]},&quot;motion_fx_devices&quot;:[&quot;desktop&quot;,&quot;tablet&quot;,&quot;mobile&quot;]}\">\n\t\t\t\t<\/div>\n\t\t<div class=\"elementor-element elementor-element-9e919c8 e-con-full e-flex e-con e-child\" data-id=\"9e919c8\" data-element_type=\"container\" data-settings=\"{&quot;background_background&quot;:&quot;classic&quot;}\">\n\t\t\t\t<div class=\"elementor-element elementor-element-3868f46 elementor-widget elementor-widget-image\" data-id=\"3868f46\" data-element_type=\"widget\" data-widget_type=\"image.default\">\n\t\t\t\t<div class=\"elementor-widget-container\">\n\t\t\t\t\t\t\t\t\t\t\t\t\t\t\t<img fetchpriority=\"high\" decoding=\"async\" width=\"958\" height=\"1179\" src=\"https:\/\/buero-anettekoenig.de\/wp-content\/uploads\/2017\/12\/ANETTE-KOENIG-BU\u0308RO.png\" class=\"attachment-full size-full wp-image-123\" alt=\"\" srcset=\"https:\/\/buero-anettekoenig.de\/wp-content\/uploads\/2017\/12\/ANETTE-KOENIG-BU\u0308RO.png 958w, https:\/\/buero-anettekoenig.de\/wp-content\/uploads\/2017\/12\/ANETTE-KOENIG-BU\u0308RO-244x300.png 244w, https:\/\/buero-anettekoenig.de\/wp-content\/uploads\/2017\/12\/ANETTE-KOENIG-BU\u0308RO-768x945.png 768w, https:\/\/buero-anettekoenig.de\/wp-content\/uploads\/2017\/12\/ANETTE-KOENIG-BU\u0308RO-832x1024.png 832w, https:\/\/buero-anettekoenig.de\/wp-content\/uploads\/2017\/12\/ANETTE-KOENIG-BU\u0308RO-832x1024-300x369.png 300w, https:\/\/buero-anettekoenig.de\/wp-content\/uploads\/2017\/12\/ANETTE-KOENIG-BU\u0308RO-832x1024-100x123.png 100w, https:\/\/buero-anettekoenig.de\/wp-content\/uploads\/2017\/12\/ANETTE-KOENIG-BU\u0308RO-832x1024-125x153.png 125w\" sizes=\"(max-width: 958px) 100vw, 958px\" \/>\t\t\t\t\t\t\t\t\t\t\t\t\t\t\t<\/div>\n\t\t\t\t<\/div>\n\t\t\t\t<\/div>\n\t\t<div class=\"elementor-element elementor-element-cfd5724 e-con-full wei\u00dfer-bereich e-flex e-con e-child\" data-id=\"cfd5724\" data-element_type=\"container\" id=\"wei\u00dfer-bereich\" data-settings=\"{&quot;background_background&quot;:&quot;classic&quot;}\">\n\t\t\t\t<div class=\"elementor-element elementor-element-86e58f6 elementor-widget elementor-widget-spacer\" data-id=\"86e58f6\" data-element_type=\"widget\" data-widget_type=\"spacer.default\">\n\t\t\t\t<div class=\"elementor-widget-container\">\n\t\t\t\t\t\t\t<div class=\"elementor-spacer\">\n\t\t\t<div class=\"elementor-spacer-inner\"><\/div>\n\t\t<\/div>\n\t\t\t\t\t\t<\/div>\n\t\t\t\t<\/div>\n\t\t\t\t<div class=\"elementor-element elementor-element-82d4a73 elementor-widget elementor-widget-menu-anchor\" data-id=\"82d4a73\" data-element_type=\"widget\" data-widget_type=\"menu-anchor.default\">\n\t\t\t\t<div class=\"elementor-widget-container\">\n\t\t\t\t\t\t\t<div class=\"elementor-menu-anchor\" id=\"kontakt\"><\/div>\n\t\t\t\t\t\t<\/div>\n\t\t\t\t<\/div>\n\t\t\t\t<div class=\"elementor-element elementor-element-2d0ee5a elementor-widget elementor-widget-heading\" data-id=\"2d0ee5a\" data-element_type=\"widget\" data-widget_type=\"heading.default\">\n\t\t\t\t<div class=\"elementor-widget-container\">\n\t\t\t\t\t<h2 class=\"elementor-heading-title elementor-size-default\">Kontakt<\/h2>\t\t\t\t<\/div>\n\t\t\t\t<\/div>\n\t\t\t\t<div class=\"elementor-element elementor-element-42a5180 elementor-widget elementor-widget-heading\" data-id=\"42a5180\" data-element_type=\"widget\" data-widget_type=\"heading.default\">\n\t\t\t\t<div class=\"elementor-widget-container\">\n\t\t\t\t\t<h2 class=\"elementor-heading-title elementor-size-default\">B\u00fcro Anette Koenig<\/h2>\t\t\t\t<\/div>\n\t\t\t\t<\/div>\n\t\t\t\t<div class=\"elementor-element elementor-element-ebf827a elementor-widget-divider--view-line elementor-widget elementor-widget-divider\" data-id=\"ebf827a\" data-element_type=\"widget\" data-widget_type=\"divider.default\">\n\t\t\t\t<div class=\"elementor-widget-container\">\n\t\t\t\t\t\t\t<div class=\"elementor-divider\">\n\t\t\t<span class=\"elementor-divider-separator\">\n\t\t\t\t\t\t<\/span>\n\t\t<\/div>\n\t\t\t\t\t\t<\/div>\n\t\t\t\t<\/div>\n\t\t\t\t<div class=\"elementor-element elementor-element-afd6c3b elementor-widget elementor-widget-text-editor\" data-id=\"afd6c3b\" data-element_type=\"widget\" data-widget_type=\"text-editor.default\">\n\t\t\t\t<div class=\"elementor-widget-container\">\n\t\t\t\t\t\t\t\t\t<p>Tel.: 0172-3964702<\/p><p>E-mail: <a href=\"mailto:koenig@buero-anettekoenig.de\">koenig@buero-anettekoenig.de<\/a><\/p><p>Kaethe-Niederkirchner-Strasse 28<br \/>10407 Berlin<\/p>\t\t\t\t\t\t\t\t<\/div>\n\t\t\t\t<\/div>\n\t\t\t\t<div class=\"elementor-element elementor-element-4bebedc elementor-widget-divider--view-line elementor-widget elementor-widget-divider\" data-id=\"4bebedc\" data-element_type=\"widget\" data-widget_type=\"divider.default\">\n\t\t\t\t<div class=\"elementor-widget-container\">\n\t\t\t\t\t\t\t<div class=\"elementor-divider\">\n\t\t\t<span class=\"elementor-divider-separator\">\n\t\t\t\t\t\t<\/span>\n\t\t<\/div>\n\t\t\t\t\t\t<\/div>\n\t\t\t\t<\/div>\n\t\t\t\t<div class=\"elementor-element elementor-element-3ac3636 elementor-widget elementor-widget-text-editor\" data-id=\"3ac3636\" data-element_type=\"widget\" data-widget_type=\"text-editor.default\">\n\t\t\t\t<div class=\"elementor-widget-container\">\n\t\t\t\t\t\t\t\t\t<p>Anette Koenig-Riedel, geb\u00fcrtige Hamburgerin, lebt seit 1997 in Berlin.<\/p><p>Noch w\u00e4hrend ihres Studiums begann sie bei Sat.1 zu arbeiten. <br \/>Seit 2000 besetzt sie erfolgreich TV Formate mit prominenten G\u00e4sten, <br \/>u.a. \u201eDas Star Quiz mit J\u00f6rg Pilawa\u201c (ARD), \u201eFrag doch mal die Maus\u201c (ARD), \u201e50 Jahre Sportschau\u201c (ARD), <br \/>\u201eDas ist Spitze!\u201c (ARD), \u201ePeter Hahne\u201c (ZDF), \u201eDer Quiz-Champion\u201c (ZDF), \u201eDas Spiel beginnt!\u201c (ZDF), <br \/>\u201eWeltreise Deutschland \u2013 die Show\u201c (KIKA).<\/p><p>Die Agentur Anette Koenig vertritt Moderatoren.<\/p>\t\t\t\t\t\t\t\t<\/div>\n\t\t\t\t<\/div>\n\t\t\t\t<div class=\"elementor-element elementor-element-5d7bdef elementor-widget-divider--view-line elementor-widget elementor-widget-divider\" data-id=\"5d7bdef\" data-element_type=\"widget\" data-widget_type=\"divider.default\">\n\t\t\t\t<div class=\"elementor-widget-container\">\n\t\t\t\t\t\t\t<div class=\"elementor-divider\">\n\t\t\t<span class=\"elementor-divider-separator\">\n\t\t\t\t\t\t<\/span>\n\t\t<\/div>\n\t\t\t\t\t\t<\/div>\n\t\t\t\t<\/div>\n\t\t\t\t<\/div>\n\t\t<div class=\"elementor-element elementor-element-a2efb88 e-con-full e-flex e-con e-child\" data-id=\"a2efb88\" data-element_type=\"container\" data-settings=\"{&quot;background_background&quot;:&quot;classic&quot;}\">\n\t\t\t\t<div class=\"elementor-element elementor-element-6ea37a1 elementor-widget elementor-widget-spacer\" data-id=\"6ea37a1\" data-element_type=\"widget\" data-widget_type=\"spacer.default\">\n\t\t\t\t<div class=\"elementor-widget-container\">\n\t\t\t\t\t\t\t<div class=\"elementor-spacer\">\n\t\t\t<div class=\"elementor-spacer-inner\"><\/div>\n\t\t<\/div>\n\t\t\t\t\t\t<\/div>\n\t\t\t\t<\/div>\n\t\t\t\t<div class=\"elementor-element elementor-element-5b01a38 elementor-widget elementor-widget-menu-anchor\" data-id=\"5b01a38\" data-element_type=\"widget\" data-widget_type=\"menu-anchor.default\">\n\t\t\t\t<div class=\"elementor-widget-container\">\n\t\t\t\t\t\t\t<div class=\"elementor-menu-anchor\" id=\"moderatoren\"><\/div>\n\t\t\t\t\t\t<\/div>\n\t\t\t\t<\/div>\n\t\t\t\t<div class=\"elementor-element elementor-element-5de7572 elementor-widget elementor-widget-heading\" data-id=\"5de7572\" data-element_type=\"widget\" data-widget_type=\"heading.default\">\n\t\t\t\t<div class=\"elementor-widget-container\">\n\t\t\t\t\t<h2 class=\"elementor-heading-title elementor-size-default\">Moderatoren<\/h2>\t\t\t\t<\/div>\n\t\t\t\t<\/div>\n\t\t\t\t<div class=\"elementor-element elementor-element-1291328 elementor-widget-divider--view-line elementor-widget elementor-widget-divider\" data-id=\"1291328\" data-element_type=\"widget\" data-widget_type=\"divider.default\">\n\t\t\t\t<div class=\"elementor-widget-container\">\n\t\t\t\t\t\t\t<div class=\"elementor-divider\">\n\t\t\t<span class=\"elementor-divider-separator\">\n\t\t\t\t\t\t<\/span>\n\t\t<\/div>\n\t\t\t\t\t\t<\/div>\n\t\t\t\t<\/div>\n\t\t<div class=\"elementor-element elementor-element-fce93b0 e-con-full e-grid e-con e-child\" data-id=\"fce93b0\" data-element_type=\"container\">\n\t\t\t\t<div class=\"elementor-element elementor-element-7b788b5 elementor-position-top elementor-widget elementor-widget-image-box\" data-id=\"7b788b5\" data-element_type=\"widget\" data-widget_type=\"image-box.default\">\n\t\t\t\t<div class=\"elementor-widget-container\">\n\t\t\t\t\t<div class=\"elementor-image-box-wrapper\"><figure class=\"elementor-image-box-img\"><img decoding=\"async\" width=\"400\" height=\"400\" src=\"https:\/\/buero-anettekoenig.de\/wp-content\/uploads\/2018\/01\/tomd.jpg\" class=\"attachment-full size-full wp-image-174\" alt=\"\" srcset=\"https:\/\/buero-anettekoenig.de\/wp-content\/uploads\/2018\/01\/tomd.jpg 400w, https:\/\/buero-anettekoenig.de\/wp-content\/uploads\/2018\/01\/tomd-150x150.jpg 150w, https:\/\/buero-anettekoenig.de\/wp-content\/uploads\/2018\/01\/tomd-300x300.jpg 300w, https:\/\/buero-anettekoenig.de\/wp-content\/uploads\/2018\/01\/tomd-280x280.jpg 280w\" sizes=\"(max-width: 400px) 100vw, 400px\" \/><\/figure><div class=\"elementor-image-box-content\"><h3 class=\"elementor-image-box-title\">Sascha Hingst<\/h3><p class=\"elementor-image-box-description\">In Berlin geboren, Jurastudium in Heidelberg. Reporter u.a. f\u00fcr den MDR, SWR, HR und ARTE. Ausgezeichnet mit dem Bremer Fernsehpreis als \u201eBester Moderator\u201c. Besonderes Interesse an Politik und Wirtschaft. Moderator des ARD Mittagsmagazins und der rbb Abendschau.<\/p><\/div><\/div>\t\t\t\t<\/div>\n\t\t\t\t<\/div>\n\t\t\t\t<div class=\"elementor-element elementor-element-00158f1 elementor-position-top elementor-widget elementor-widget-image-box\" data-id=\"00158f1\" data-element_type=\"widget\" data-widget_type=\"image-box.default\">\n\t\t\t\t<div class=\"elementor-widget-container\">\n\t\t\t\t\t<div class=\"elementor-image-box-wrapper\"><figure class=\"elementor-image-box-img\"><a href=\"http:\/\/www.svenoswald.info\" target=\"_blank\" tabindex=\"-1\"><img decoding=\"async\" width=\"694\" height=\"694\" src=\"https:\/\/buero-anettekoenig.de\/wp-content\/uploads\/2019\/09\/Sven-Oswaldtop-3.jpg\" class=\"attachment-full size-full wp-image-291\" alt=\"\" srcset=\"https:\/\/buero-anettekoenig.de\/wp-content\/uploads\/2019\/09\/Sven-Oswaldtop-3.jpg 694w, https:\/\/buero-anettekoenig.de\/wp-content\/uploads\/2019\/09\/Sven-Oswaldtop-3-150x150.jpg 150w, https:\/\/buero-anettekoenig.de\/wp-content\/uploads\/2019\/09\/Sven-Oswaldtop-3-300x300.jpg 300w, https:\/\/buero-anettekoenig.de\/wp-content\/uploads\/2019\/09\/Sven-Oswaldtop-3-500x500.jpg 500w, https:\/\/buero-anettekoenig.de\/wp-content\/uploads\/2019\/09\/Sven-Oswaldtop-3-280x280.jpg 280w\" sizes=\"(max-width: 694px) 100vw, 694px\" \/><\/a><\/figure><div class=\"elementor-image-box-content\"><h3 class=\"elementor-image-box-title\"><a href=\"http:\/\/www.svenoswald.info\" target=\"_blank\">Sven Oswald<\/a><\/h3><p class=\"elementor-image-box-description\">Geb\u00fcrtiger Berliner. Multimedia-Experte und Wissenschaftsmoderator, u.a. der rbb Abendschau, zibb und SUPER.MARKT. Seit 1999 fest im Moderatoren-Team von Radio Eins. Als Formatentwickler, Redakteur und Moderator auch f\u00fcr andere H\u00f6rfunk Programme t\u00e4tig. Moderator der Reihe \u201eDie Wahrheit \u00fcber\u2026\" im rbb.<\/p><\/div><\/div>\t\t\t\t<\/div>\n\t\t\t\t<\/div>\n\t\t\t\t<\/div>\n\t\t\t\t<div class=\"elementor-element elementor-element-a7fcc15 elementor-widget-divider--view-line elementor-widget elementor-widget-divider\" data-id=\"a7fcc15\" data-element_type=\"widget\" data-widget_type=\"divider.default\">\n\t\t\t\t<div class=\"elementor-widget-container\">\n\t\t\t\t\t\t\t<div class=\"elementor-divider\">\n\t\t\t<span class=\"elementor-divider-separator\">\n\t\t\t\t\t\t<\/span>\n\t\t<\/div>\n\t\t\t\t\t\t<\/div>\n\t\t\t\t<\/div>\n\t\t\t\t<\/div>\n\t\t<div class=\"elementor-element elementor-element-1422da9 e-con-full e-flex e-con e-child\" data-id=\"1422da9\" data-element_type=\"container\" data-settings=\"{&quot;background_background&quot;:&quot;classic&quot;}\">\n\t\t\t\t<div class=\"elementor-element elementor-element-1c51cac elementor-align-center elementor-widget elementor-widget-button\" data-id=\"1c51cac\" data-element_type=\"widget\" data-widget_type=\"button.default\">\n\t\t\t\t<div class=\"elementor-widget-container\">\n\t\t\t\t\t\t\t\t\t<div class=\"elementor-button-wrapper\">\n\t\t\t\t\t<a class=\"elementor-button elementor-button-link elementor-size-sm\" href=\"https:\/\/buero-anettekoenig.de\/impressum\/\">\n\t\t\t\t\t\t<span class=\"elementor-button-content-wrapper\">\n\t\t\t\t\t\t\t\t\t<span class=\"elementor-button-text\">Impressum<\/span>\n\t\t\t\t\t<\/span>\n\t\t\t\t\t<\/a>\n\t\t\t\t<\/div>\n\t\t\t\t\t\t\t\t<\/div>\n\t\t\t\t<\/div>\n\t\t\t\t<div class=\"elementor-element elementor-element-8c56798 elementor-widget elementor-widget-text-editor\" data-id=\"8c56798\" data-element_type=\"widget\" data-widget_type=\"text-editor.default\">\n\t\t\t\t<div class=\"elementor-widget-container\">\n\t\t\t\t\t\t\t\t\t<p>\u00a9 2025 B\u00fcro Anette Koenig<\/p>\t\t\t\t\t\t\t\t<\/div>\n\t\t\t\t<\/div>\n\t\t\t\t<\/div>\n\t\t\t\t<\/div>\n\t\t\t\t<\/div>\n\t\t","protected":false},"excerpt":{"rendered":"<p>Moderatoren Kontakt Kontakt B\u00fcro Anette Koenig Tel.: 0172-3964702 E-mail: koenig@buero-anettekoenig.de Kaethe-Niederkirchner-Strasse 2810407 Berlin Anette Koenig-Riedel, geb\u00fcrtige Hamburgerin, lebt seit 1997 in Berlin. Noch w\u00e4hrend ihres Studiums begann sie bei Sat.1 zu arbeiten. Seit 2000 besetzt sie erfolgreich TV Formate mit prominenten G\u00e4sten, u.a. \u201eDas Star Quiz mit J\u00f6rg Pilawa\u201c (ARD), \u201eFrag doch mal die Maus\u201c [&hellip;]<\/p>\n","protected":false},"author":1,"featured_media":0,"parent":0,"menu_order":0,"comment_status":"closed","ping_status":"closed","template":"","meta":{"footnotes":""},"class_list":["post-10","page","type-page","status-publish","hentry"],"yoast_head":"<!-- This site is optimized with the Yoast SEO plugin v24.7 - https:\/\/yoast.com\/wordpress\/plugins\/seo\/ -->\n<title>B\u00fcro Anette Koenig - Management und Beratung Berlin<\/title>\n<meta name=\"description\" content=\"Das B\u00fcro Anette Koenig \u00fcbernimmt das Management von Moderatoren. Unter anderem vertritt die Agentur Sascha Hingst und Sven Oswald.\" \/>\n<meta name=\"robots\" content=\"index, follow, max-snippet:-1, max-image-preview:large, max-video-preview:-1\" \/>\n<link rel=\"canonical\" href=\"https:\/\/buero-anettekoenig.de\/\" \/>\n<meta property=\"og:locale\" content=\"de_DE\" \/>\n<meta property=\"og:type\" content=\"article\" \/>\n<meta property=\"og:title\" content=\"B\u00fcro Anette Koenig - Management und Beratung Berlin\" \/>\n<meta property=\"og:description\" content=\"Das B\u00fcro Anette Koenig \u00fcbernimmt das Management von Moderatoren. Unter anderem vertritt die Agentur Sascha Hingst und Sven Oswald.\" \/>\n<meta property=\"og:url\" content=\"https:\/\/buero-anettekoenig.de\/\" \/>\n<meta property=\"og:site_name\" content=\"Management und Beratung\" \/>\n<meta property=\"article:modified_time\" content=\"2025-03-31T08:30:25+00:00\" \/>\n<meta property=\"og:image\" content=\"https:\/\/buero-anettekoenig.de\/wp-content\/uploads\/2018\/01\/tomd.jpg\" \/>\n<meta name=\"twitter:card\" content=\"summary_large_image\" \/>\n<meta name=\"twitter:label1\" content=\"Gesch\u00e4tzte Lesezeit\" \/>\n\t<meta name=\"twitter:data1\" content=\"2\u00a0Minuten\" \/>\n<script type=\"application\/ld+json\" class=\"yoast-schema-graph\">{\"@context\":\"https:\/\/schema.org\",\"@graph\":[{\"@type\":\"WebPage\",\"@id\":\"https:\/\/buero-anettekoenig.de\/\",\"url\":\"https:\/\/buero-anettekoenig.de\/\",\"name\":\"B\u00fcro Anette Koenig - Management und Beratung Berlin\",\"isPartOf\":{\"@id\":\"https:\/\/buero-anettekoenig.de\/#website\"},\"primaryImageOfPage\":{\"@id\":\"https:\/\/buero-anettekoenig.de\/#primaryimage\"},\"image\":{\"@id\":\"https:\/\/buero-anettekoenig.de\/#primaryimage\"},\"thumbnailUrl\":\"https:\/\/buero-anettekoenig.de\/wp-content\/uploads\/2018\/01\/tomd.jpg\",\"datePublished\":\"2017-12-02T15:27:12+00:00\",\"dateModified\":\"2025-03-31T08:30:25+00:00\",\"description\":\"Das B\u00fcro Anette Koenig \u00fcbernimmt das Management von Moderatoren. Unter anderem vertritt die Agentur Sascha Hingst und Sven Oswald.\",\"breadcrumb\":{\"@id\":\"https:\/\/buero-anettekoenig.de\/#breadcrumb\"},\"inLanguage\":\"de\",\"potentialAction\":[{\"@type\":\"ReadAction\",\"target\":[\"https:\/\/buero-anettekoenig.de\/\"]}]},{\"@type\":\"ImageObject\",\"inLanguage\":\"de\",\"@id\":\"https:\/\/buero-anettekoenig.de\/#primaryimage\",\"url\":\"https:\/\/buero-anettekoenig.de\/wp-content\/uploads\/2018\/01\/tomd.jpg\",\"contentUrl\":\"https:\/\/buero-anettekoenig.de\/wp-content\/uploads\/2018\/01\/tomd.jpg\",\"width\":400,\"height\":400},{\"@type\":\"BreadcrumbList\",\"@id\":\"https:\/\/buero-anettekoenig.de\/#breadcrumb\",\"itemListElement\":[{\"@type\":\"ListItem\",\"position\":1,\"name\":\"Startseite\",\"item\":\"https:\/\/buero-anettekoenig.de\/\"},{\"@type\":\"ListItem\",\"position\":2,\"name\":\"B\u00fcro Anette Koenig\"}]},{\"@type\":\"WebSite\",\"@id\":\"https:\/\/buero-anettekoenig.de\/#website\",\"url\":\"https:\/\/buero-anettekoenig.de\/\",\"name\":\"Management und Beratung\",\"description\":\"\",\"publisher\":{\"@id\":\"https:\/\/buero-anettekoenig.de\/#organization\"},\"potentialAction\":[{\"@type\":\"SearchAction\",\"target\":{\"@type\":\"EntryPoint\",\"urlTemplate\":\"https:\/\/buero-anettekoenig.de\/?s={search_term_string}\"},\"query-input\":{\"@type\":\"PropertyValueSpecification\",\"valueRequired\":true,\"valueName\":\"search_term_string\"}}],\"inLanguage\":\"de\"},{\"@type\":\"Organization\",\"@id\":\"https:\/\/buero-anettekoenig.de\/#organization\",\"name\":\"Agentur Anette Koenig\",\"url\":\"https:\/\/buero-anettekoenig.de\/\",\"logo\":{\"@type\":\"ImageObject\",\"inLanguage\":\"de\",\"@id\":\"https:\/\/buero-anettekoenig.de\/#\/schema\/logo\/image\/\",\"url\":\"https:\/\/buero-anettekoenig.de\/wp-content\/uploads\/2017\/12\/ANETTE-LOGO.png\",\"contentUrl\":\"https:\/\/buero-anettekoenig.de\/wp-content\/uploads\/2017\/12\/ANETTE-LOGO.png\",\"width\":1991,\"height\":1856,\"caption\":\"Agentur Anette Koenig\"},\"image\":{\"@id\":\"https:\/\/buero-anettekoenig.de\/#\/schema\/logo\/image\/\"}}]}<\/script>\n<!-- \/ Yoast SEO plugin. -->","yoast_head_json":{"title":"B\u00fcro Anette Koenig - Management und Beratung Berlin","description":"Das B\u00fcro Anette Koenig \u00fcbernimmt das Management von Moderatoren. Unter anderem vertritt die Agentur Sascha Hingst und Sven Oswald.","robots":{"index":"index","follow":"follow","max-snippet":"max-snippet:-1","max-image-preview":"max-image-preview:large","max-video-preview":"max-video-preview:-1"},"canonical":"https:\/\/buero-anettekoenig.de\/","og_locale":"de_DE","og_type":"article","og_title":"B\u00fcro Anette Koenig - Management und Beratung Berlin","og_description":"Das B\u00fcro Anette Koenig \u00fcbernimmt das Management von Moderatoren. Unter anderem vertritt die Agentur Sascha Hingst und Sven Oswald.","og_url":"https:\/\/buero-anettekoenig.de\/","og_site_name":"Management und Beratung","article_modified_time":"2025-03-31T08:30:25+00:00","og_image":[{"url":"https:\/\/buero-anettekoenig.de\/wp-content\/uploads\/2018\/01\/tomd.jpg","type":"","width":"","height":""}],"twitter_card":"summary_large_image","twitter_misc":{"Gesch\u00e4tzte Lesezeit":"2\u00a0Minuten"},"schema":{"@context":"https:\/\/schema.org","@graph":[{"@type":"WebPage","@id":"https:\/\/buero-anettekoenig.de\/","url":"https:\/\/buero-anettekoenig.de\/","name":"B\u00fcro Anette Koenig - Management und Beratung Berlin","isPartOf":{"@id":"https:\/\/buero-anettekoenig.de\/#website"},"primaryImageOfPage":{"@id":"https:\/\/buero-anettekoenig.de\/#primaryimage"},"image":{"@id":"https:\/\/buero-anettekoenig.de\/#primaryimage"},"thumbnailUrl":"https:\/\/buero-anettekoenig.de\/wp-content\/uploads\/2018\/01\/tomd.jpg","datePublished":"2017-12-02T15:27:12+00:00","dateModified":"2025-03-31T08:30:25+00:00","description":"Das B\u00fcro Anette Koenig \u00fcbernimmt das Management von Moderatoren. Unter anderem vertritt die Agentur Sascha Hingst und Sven Oswald.","breadcrumb":{"@id":"https:\/\/buero-anettekoenig.de\/#breadcrumb"},"inLanguage":"de","potentialAction":[{"@type":"ReadAction","target":["https:\/\/buero-anettekoenig.de\/"]}]},{"@type":"ImageObject","inLanguage":"de","@id":"https:\/\/buero-anettekoenig.de\/#primaryimage","url":"https:\/\/buero-anettekoenig.de\/wp-content\/uploads\/2018\/01\/tomd.jpg","contentUrl":"https:\/\/buero-anettekoenig.de\/wp-content\/uploads\/2018\/01\/tomd.jpg","width":400,"height":400},{"@type":"BreadcrumbList","@id":"https:\/\/buero-anettekoenig.de\/#breadcrumb","itemListElement":[{"@type":"ListItem","position":1,"name":"Startseite","item":"https:\/\/buero-anettekoenig.de\/"},{"@type":"ListItem","position":2,"name":"B\u00fcro Anette Koenig"}]},{"@type":"WebSite","@id":"https:\/\/buero-anettekoenig.de\/#website","url":"https:\/\/buero-anettekoenig.de\/","name":"Management und Beratung","description":"","publisher":{"@id":"https:\/\/buero-anettekoenig.de\/#organization"},"potentialAction":[{"@type":"SearchAction","target":{"@type":"EntryPoint","urlTemplate":"https:\/\/buero-anettekoenig.de\/?s={search_term_string}"},"query-input":{"@type":"PropertyValueSpecification","valueRequired":true,"valueName":"search_term_string"}}],"inLanguage":"de"},{"@type":"Organization","@id":"https:\/\/buero-anettekoenig.de\/#organization","name":"Agentur Anette Koenig","url":"https:\/\/buero-anettekoenig.de\/","logo":{"@type":"ImageObject","inLanguage":"de","@id":"https:\/\/buero-anettekoenig.de\/#\/schema\/logo\/image\/","url":"https:\/\/buero-anettekoenig.de\/wp-content\/uploads\/2017\/12\/ANETTE-LOGO.png","contentUrl":"https:\/\/buero-anettekoenig.de\/wp-content\/uploads\/2017\/12\/ANETTE-LOGO.png","width":1991,"height":1856,"caption":"Agentur Anette Koenig"},"image":{"@id":"https:\/\/buero-anettekoenig.de\/#\/schema\/logo\/image\/"}}]}},"_links":{"self":[{"href":"https:\/\/buero-anettekoenig.de\/index.php?rest_route=\/wp\/v2\/pages\/10","targetHints":{"allow":["GET"]}}],"collection":[{"href":"https:\/\/buero-anettekoenig.de\/index.php?rest_route=\/wp\/v2\/pages"}],"about":[{"href":"https:\/\/buero-anettekoenig.de\/index.php?rest_route=\/wp\/v2\/types\/page"}],"author":[{"embeddable":true,"href":"https:\/\/buero-anettekoenig.de\/index.php?rest_route=\/wp\/v2\/users\/1"}],"replies":[{"embeddable":true,"href":"https:\/\/buero-anettekoenig.de\/index.php?rest_route=%2Fwp%2Fv2%2Fcomments&post=10"}],"version-history":[{"count":255,"href":"https:\/\/buero-anettekoenig.de\/index.php?rest_route=\/wp\/v2\/pages\/10\/revisions"}],"predecessor-version":[{"id":376,"href":"https:\/\/buero-anettekoenig.de\/index.php?rest_route=\/wp\/v2\/pages\/10\/revisions\/376"}],"wp:attachment":[{"href":"https:\/\/buero-anettekoenig.de\/index.php?rest_route=%2Fwp%2Fv2%2Fmedia&parent=10"}],"curies":[{"name":"wp","href":"https:\/\/api.w.org\/{rel}","templated":true}]}}